{"id":4474,"date":"2024-02-19T16:51:30","date_gmt":"2024-02-19T15:51:30","guid":{"rendered":"https:\/\/www.casecafarella.it\/termini-e-condizioni\/"},"modified":"2024-05-05T18:49:27","modified_gmt":"2024-05-05T16:49:27","slug":"termini-e-condizioni","status":"publish","type":"page","link":"https:\/\/www.casecafarella.it\/es\/termini-e-condizioni\/","title":{"rendered":"Termini e Condizioni"},"content":{"rendered":"\t\t<div data-elementor-type=\"wp-page\" data-elementor-id=\"4474\" class=\"elementor elementor-4474 elementor-4459\">\n\t\t\t\t<div class=\"elementor-element elementor-element-4093050c e-flex e-con-boxed e-con e-parent\" data-id=\"4093050c\" data-element_type=\"container\" data-e-type=\"container\">\n\t\t\t\t\t<div class=\"e-con-inner\">\n\t\t\t\t<div class=\"elementor-element elementor-element-661d6ce0 elementor-widget elementor-widget-text-editor\" data-id=\"661d6ce0\" data-element_type=\"widget\" data-e-type=\"widget\" data-widget_type=\"text-editor.default\">\n\t\t\t\t<div class=\"elementor-widget-container\">\n\t\t\t\t\t\t\t\t\t<p><strong>Termini e Condizioni<\/strong><\/p>\n<p><strong>Introduzione<\/strong><\/p>\n<p>Lo scopo del presente documento \u00e8 quello di fornire adeguata informativa dei Termini e Condizioni Generali relativi ai servizi di Prenotazione (anche on line) delle camere con la \u201c&#8217;A Alera Room &amp; Breakfast\u201d e degli appartamenti \u201cCase Vacanza Cafarella\u201d di Cafarella Snc di Cafarella Giuliana e Paola (P:IVA 03298660832), con sede legale in Malfa (ME) nella via Roma 10\/12.<\/p>\n<p><strong>Accettazione Regolamento<\/strong><\/p>\n<p>L&#8217;uso di tali servizi implica l&#8217;accettazione piena e incondizionata e la validit\u00e0 di tutti i singoli Termini e\/o Condizioni generali, che saranno considerati come automaticamente incorporati nell&#8217;accordo siglato con \u201c&#8217;A Alera Room &amp; Breakfast\u201d e\/o \u201cCase Vacanza Cafarella\u201d senza che si renda qui necessaria una loro trascrizione scritta. Sicch\u00e9 la prenotazione effettuata comporta l\u2019accettazione del presente regolamento, non solo per il prenotante ma anche per i suoi eventuali accompagnatori.<\/p>\n<p><strong>Tariffe e Condizioni di prenotazione<\/strong><\/p>\n<p>Le tariffe sono espresse in Euro, si intendono per camera e per il numero di persone espressamente specificato.<\/p>\n<p>Per <strong>&#8216;A Alera Room &amp; Breakfast<\/strong> le tariffe comprendono pernottamento e prima colazione, pulizia e riassetto giornaliero, cambio biancheria a giorni alterni, Internet wi-fi in tutta la struttura, acqua di cortesia all\u2019arrivo.<\/p>\n<p>Per <strong>Case Vacanza Cafarella<\/strong> i prezzi comprendono i consumi (luce, acqua e gas), biancheria da cucina con cambio settimanale, biancheria da letto e bagno con cambio settimanale, pulizia finale, eventuale parcheggio per un posto auto\/scooter e l\u2019utilizzo delle aree comuni. Il prezzo non comprende il deposito cauzionale (\u20ac 100) e la pulizia finale (\u20ac 40) che verranno pagati in loco.<\/p>\n<p>Ci riserviamo il diritto di modificare i prezzi pubblicati delle nostre camere in qualsiasi momento e senza preavviso. Tuttavia il prezzo concordato al momento della prenotazione (esclusi eventuali extra), non verr\u00e0 modificato in nessun caso.<\/p>\n<p>E\u2019 possibile effettuare una prenotazione on-line sul nostro sito <a href=\"http:\/\/www.alerasalina.it\">www.alerasalina.it<\/a> o <a href=\"http:\/\/www.casecafarella.it\">www.casecafarella.it<\/a> . Ai fini della prenotazione dovranno essere comunicati, altres\u00ec, i propri dati completi di un recapito telefonico e un indirizzo e-mail validi per potervi garantire al meglio la nostra assistenza, sin da subito.<\/p>\n<p>Per ciascun tipo di alloggio, di cui sono specificate caratteristiche e servizi inclusi, offriamo tre tipologie di condizioni tariffarie.<\/p>\n<ul>\n<li>La \u201cMiglior Tariffa Web\u201d consente di riservare la camera con una carta di credito a garanzia, con la possibilit\u00e0 di cancellare o modificare gratuitamente la prenotazione fino a 15 giorni prima dell&#8217;arrivo . Entro tale termine si richiede il saldo tramite carta di credito. A decorrere dal 14\u00b0 giorno prima dell&#8217;arrivo eventuali cancellazioni e\/o la modifiche comportano una penale pari al 100% del totale. Riceverete per tempo un link via email per saldare tramite carta di credito. Il mancato saldo entro i termini previsti comporter\u00e0 l\u2019automatico annullamento della prenotazione. In caso di no show o partenza anticipata non \u00e8 previsto alcun rimborso.<\/li>\n<li>La \u201cBeSafe Rate Plus &#8211; la tariffa con assicurazione inclusa &#8211; saldo differito\u201d garantisce la cancellazione per qualsiasi causa documentabile e offre il rimborso fino al 100% dell&#8217;importo prepagato in<br \/>conformit\u00e0 con il regolamento della Polizza Assicurativa applicata al momento della prenotazione. Il pagamento avverr\u00e0 in due soluzione il 30%, al momento della prenotazione, il 70% entro i 14 giorni antecedenti all&#8217;arrivo. Riceverete per tempo un link via email per saldare tramite carta di credito. Prima di prenotare leggi il Fascicolo delle Coperture su <a href=\"https:\/\/www.travel.besafesuite.com\/insurances\/besafe-plus\">Fascicolo delle Coperture<\/a><\/li>\n<li>La \u201cBeSafe Rate Plus &#8211; assicurazione inclusa &#8211; unica soluzione\u201d garantisce la cancellazione per qualsiasi causa documentabile e offre il rimborso fino al 100% dell&#8217;importo prepagato in<br \/>conformit\u00e0 con il regolamento della Polizza Assicurativa applicata al momento della prenotazione. L&#8217;intero importo sar\u00e0 pagato al momento della prenotazione. Prima di prenotare leggi il Fascicolo delle Coperture su <a href=\"https:\/\/www.travel.besafesuite.com\/insurances\/besafe-plus\">Fascicolo delle Coperture<\/a><\/li>\n<\/ul>\n<p>Qualora vogliate abbinare la tariffa flessibile e la possibilit\u00e0 di tutelarvi da eventi imprevisti, \u00e8 vostra facolt\u00e0 stipulare un\u2019assicurazione esterna.<\/p>\n<p>In caso di prenotazione di servizi o prodotti aggiuntivi alla camera (come ad esempio: noleggio moto\/auto\/barche\/giro turistico dell\u2019isola\/giro delle cantine\/ etc.), si precisa che la \u201c&#8217;A Alera Room &amp; Breakfast\u201d e\/o \u201cCase Vacanza Cafarella\u201d, ricoprendo, in tal caso, soltanto il ruolo di semplice intermediario non avr\u00e0 alcuna responsabilit\u00e0 per eventuali danni, disservizi o malfunzionamenti derivanti dagli stessi e l\u2019utente dovr\u00e0 rivolgersi per ogni eventuale doglianza all\u2019effettivo operatore\/prestatore di servizi o venditore di prodotti aggiuntivi, quale unico responsabile per le obbligazioni inerenti alla erogazione di tali servizi e\/o prodotti aggiuntivi.<\/p>\n<p>Ogni prenotazione dovr\u00e0 essere cancellata tramite il relativo link all\u2019interno dell\u2019email di conferma ricevuta oppure per iscritto, inviando un email a <a href=\"mailto:info@alerasalina.it\">info@alerasalina.it<\/a> o <a href=\"mailto:info@casecafarella.it\">info@casecafarella.it<\/a> .<\/p>\n<p>Accettando il presente regolamento, l\u2019utente autorizza espressamente \u201c&#8217;A Alera Room &amp; Breakfast\u201d o \u201cCase Vacanza Cafarella\u201d a prelevare automaticamente il pagamento per la fornitura dei suoi servizi attraverso i dati della carta di credito forniti al momento della prenotazione della camera. La \u201c&#8217;A Alera Room &amp; Breakfast\u201d o \u201cCase Vacanze Cafarella\u201d informer\u00e0 l\u2019utente dell\u2019esatto importo che sar\u00e0 prelevato prima dell\u2019addebito.<\/p>\n<p><strong>Sopravvenuta indisponibilit\u00e0 dell\u2019alloggio<\/strong><\/p>\n<p>Qualora cause di forza maggiore impedissero di mettere a disposizione dei clienti l\u2019alloggio prenotato \u201c&#8217;A Alera Room &amp; Breakfast\u201d o \u201cCase Vacanza Cafarella\u201d si riserva il diritto di poter assegnare un altro alloggio con caratteristiche similari o superiori allo stesso prezzo, o in casi estremi di annullare la prenotazione, rimborsando al turista l\u2019importo pagato senza che quest\u2019ultimo possa avanzare ulteriori richieste di risarcimento a qualsiasi titolo. Si precisa che al di fuori di quello che avete versato null\u2019altro sar\u00e0 rimborsato o risarcito. Pertanto non si prender\u00e0 in considerazione alcuna richiesta di risarcimento.<\/p>\n<p><strong>Check-in<\/strong><\/p>\n<p>Almeno 24 ore prima dell\u2019arrivo, il cliente \u00e8 tenuto a comunicarci l\u2019orario d\u2019arrivo previsto per potervi riservare un\u2019adeguata accoglienza. Il giorno dell\u2019arrivo il check-in \u00e8 dalle ore 15:00 alle ore 20. In caso di arrivo prima dell\u2019orario previsto \u00e8 possibile depositare i propri bagagli. In caso di arrivo oltre l\u2019orario previsto vi verranno fornite le istruzioni per effettuare un check-in in autonomia.<\/p>\n<p><strong>Check-out<\/strong><\/p>\n<p>La sera prima della partenza l\u2019ospite deve effettuare il saldo del soggiorno e di eventuali extra. Si accettano i seguenti metodi di pagamento: contanti, carte di credito (visa, mastercard, bancomat). Il giorno della partenza il cliente \u00e8 tenuto a lasciare la camera entro le ore 10.00 ed a segnalare eventuali consumazioni del frigobar della sera precedente. In caso di partenza prevista prima delle ore 7, vi preghiamo di informarci, affinch\u00e9 possiamo fornirvi la nostra migliore assistenza con una colazione a sacco.<\/p>\n<p><strong>Animali<\/strong><\/p>\n<p>Non si accettano animali.<\/p>\n<p><strong>Regole durante il soggiorno<\/strong><\/p>\n<p>L\u2019utente si impegna ad avvalersi dei servizi in conformit\u00e0 alla Legge Italiana, alle norme morali, alle regole della rispettabilit\u00e0 e all\u2019ordine pubblico, nonch\u00e9 a quanto sancito nei presenti Termini e Condizioni generali. Conseguentemente, l\u2019utente ha l\u2019obbligo di astenersi dall\u2019utilizzo di tali servizi con finalit\u00e0 e scopi illeciti e\/o contrari a quanto stabilito dal presente regolamento e in modo da non arrecare pregiudizi all\u2019immagine e alla reputazione della \u201c&#8217;A Alera Room &amp; Breakfast\u201d e\/o \u201cCase Vacanza Cafarella\u201d. Di seguito un elenco di comportamenti che in via esemplificativa ma non esaustiva vengono censurati:<\/p>\n<p>E\u2019 severamente vietato effettuare la copia delle chiavi: la violazione di domicilio, in mancanza di autorizzazione, costituisce un grave reato penale punito per legge.<\/p>\n<p>Nel caso di smarrimento delle chiavi \u00e8 previsto un rimborso di \u20ac 20,00 per il danno arrecato. E\u2019 vietato soggiornare nella camera in un numero di persone superiore a quello massimo consentito.<\/p>\n<p>E\u2019 vietato fare entrare persone estranee senza averlo preventivamente comunicato al gestore e aver ricevuto espresso assenso.<\/p>\n<p>L\u2019ospite \u00e8 tenuto a osservare le norme comuni relative alla quiete soprattutto nelle ore pomeridiane e notturne, evitando rumori e schiamazzi molesti. Particolare silenzio va rispettato tra le 22.00 e le 8.00 e tra le 13.00 e le 17.00. I genitori sono pregati di vegliare costantemente i loro bambini affinch\u00e9 non disturbino.<\/p>\n<p>E\u2019 assolutamente vietato portare la biancheria fuori dall\u2019alloggio. Crema ed olio solare, trucco e tinture per capelli possono macchiare permanentemente la biancheria da letto, lenzuola e asciugamani. Vi chiediamo pertanto di prestare attenzione quando utilizzate questi prodotti. Se nonostante gli sforzi le macchie non si togliessero, vi sar\u00e0 addebitato un costo per sostituire la biancheria.<\/p>\n<p>Il cliente esonera espressamente il gestore da ogni responsabilit\u00e0 per i danni diretti o indiretti che potessero derivargli da interruzioni incolpevoli dei servizi essenziali come ad esempio energia elettrica ed acqua.<\/p>\n<p>Si declina ogni responsabilit\u00e0 per lo smarrimento, furto o danneggiamento di oggetti di vostra propriet\u00e0 lasciati nelle camere o per eventuali infortuni, furti, danni alle persone od alle cose solo perch\u00e9 avvenuti all\u2019interno della propriet\u00e0. Ciascuna camera \u00e8 fornita di cassetta di sicurezza, \u00e8 vostra discrezione custodirvi dentro oggetti di valore.<\/p>\n<p><strong>Informativa sulla Privacy d.lgs n. 196\/03.<\/strong><\/p>\n<p>Cos\u00ec come previsto dall\u2019art. 13 del D. Lgs. 196\/03, &#8216;A Alera Room &amp; Breakfast e\/o Case Vacanza Cafarella proceder\u00e0 al trattamento dei dati personali da Voi forniti nel rispetto della normativa in materia di tutela del trattamento dei dati personali. Ai sensi e per gli effetti di tale normativa, il trattamento effettuato \u00e8 improntato ai principi di correttezza, liceit\u00e0, trasparenza e di tutela della riservatezza e dei diritti del cliente. Il conferimento dei dati \u00e8 facoltativo. In caso di mancato conferimento degli stessi, la struttura non potr\u00e0 prendere in considerazione la richiesta di soggiorno all\u2019interno della propria struttura. Nel caso in cui l\u2019utente, al momento della prenotazione fornisca dati di terzi, dichiara di averne il consenso e si impegna a trasmettere loro le informazioni dell&#8217;Informativa sulla privacy, esonerando pertanto \u201c&#8217;A Alera Room &amp; Breakfast\u201d e\/o \u201cCase Vacanza Cafarella\u201d da qualsiasi responsabilit\u00e0 in merito. I dati raccolti servono solamente per la gestione delle prenotazioni, invio della conferma e della documentazione relativa alla prenotazione effettuata, nonch\u00e9 per gli adempimenti di registrazione e consegna delle informazioni alle autorit\u00e0 di P.S. come descritto dal T.U.L.P.S.. I dati personali non verranno trattenuti per fini pubblicitari o commerciali, se non espressamente consentito e sottoscritto dall\u2019utente\/cliente. I dati personali da Voi forniti sono raccolti con modalit\u00e0 telematiche e trattati, anche con l\u2019ausilio di mezzi elettronici ed essi verranno conservati per tutta la durata del rapporto contrattuale e, successivamente alla risoluzione dello stesso, per il periodo di prescrizione previsto per legge relativamente ad eventuali azioni legali correlate. Il Titolare del trattamento dei dati \u00e8 &#8216;A Alera Room &amp; Breakfast e\/o Case Vacanza Cafarella.<\/p>\n<p><strong>Legge applicabile e Foro competente<\/strong><\/p>\n<p>Ai presenti Termini e Condizioni generali sono applicabili le leggi italiane ed in caso di eventuali controversie che possano derivare in relazione alla loro interpretazione, validit\u00e0, esecuzione, \u201c&#8217;A Alera Room &amp; Breakfast\u201d e\/o \u201cCase Vacanza Cafarella\u201d e l&#8217;utente, concordano che sar\u00e0 competente il Tribunale di Barcellona Pozzo di Gotto.<\/p>\n\t\t\t\t\t\t\t\t<\/div>\n\t\t\t\t<\/div>\n\t\t\t\t\t<\/div>\n\t\t\t\t<\/div>\n\t\t\t\t<\/div>\n\t\t","protected":false},"excerpt":{"rendered":"<p>Termini e Condizioni Introduzione Lo scopo del presente documento \u00e8 quello di fornire adeguata informativa dei Termini e Condizioni Generali relativi ai servizi di Prenotazione (anche on line) delle camere con la \u201c&#8217;A Alera Room &amp; Breakfast\u201d e degli appartamenti \u201cCase Vacanza Cafarella\u201d di Cafarella Snc di Cafarella Giuliana e Paola (P:IVA 03298660832), con sede &#8230;<\/p>\n","protected":false},"author":1,"featured_media":0,"parent":0,"menu_order":0,"comment_status":"closed","ping_status":"closed","template":"","meta":{"cozystay_single_page_hide_site_header":"","cozystay_single_page_site_header_source":"","cozystay_single_page_custom_site_header":"0","cozystay_single_page_custom_sticky_site_header":"0","cozystay_single_page_hide_page_title":"","cozystay_single_page_header_section_size":"","cozystay_single_page_header_background_color":"","cozystay_single_page_header_background_position_x":"center","cozystay_single_page_header_background_position_y":"center","cozystay_single_page_header_background_size":"cover","cozystay_single_page_header_background_repeat":"off","cozystay_single_page_header_background_scroll":"on","cozystay_single_page_header_text_color":"","cozystay_single_page_header_show_breadcrumb":"","cozystay_single_page_site_footer_hide_main":"","cozystay_single_custom_site_footer_main_source":"","cozystay_single_custom_site_footer_main":"0","cozystay_single_page_site_footer_hide_above":"","cozystay_single_custom_site_footer_above_source":"","cozystay_single_custom_site_footer_above":"0","cozystay_single_page_site_footer_hide_instagram":"","cozystay_single_page_site_footer_hide_bottom":"","cozystay_single_custom_mobile_menu_source":"","cozystay_single_custom_mobile_menu":"0","cozystay_single_custom_mobile_menu_animation":"","cozystay_single_custom_mobile_menu_width":"","cozystay_single_custom_mobile_menu_custom_width":375,"footnotes":""},"class_list":["post-4474","page","type-page","status-publish","hentry"],"yoast_head":"<!-- This site is optimized with the Yoast SEO plugin v27.5 - https:\/\/yoast.com\/product\/yoast-seo-wordpress\/ -->\n<title>Termini e Condizioni - A Turri<\/title>\n<meta name=\"robots\" content=\"index, follow, max-snippet:-1, max-image-preview:large, max-video-preview:-1\" \/>\n<link rel=\"canonical\" href=\"https:\/\/www.casecafarella.it\/es\/termini-e-condizioni\/\" \/>\n<meta property=\"og:locale\" content=\"es_ES\" \/>\n<meta property=\"og:type\" content=\"article\" \/>\n<meta property=\"og:title\" content=\"Termini e Condizioni - A Turri\" \/>\n<meta property=\"og:description\" content=\"Termini e Condizioni Introduzione Lo scopo del presente documento \u00e8 quello di fornire adeguata informativa dei Termini e Condizioni Generali relativi ai servizi di Prenotazione (anche on line) delle camere con la \u201c&#8217;A Alera Room &amp; Breakfast\u201d e degli appartamenti \u201cCase Vacanza Cafarella\u201d di Cafarella Snc di Cafarella Giuliana e Paola (P:IVA 03298660832), con sede ...\" \/>\n<meta property=\"og:url\" content=\"https:\/\/www.casecafarella.it\/es\/termini-e-condizioni\/\" \/>\n<meta property=\"og:site_name\" content=\"A Turri\" \/>\n<meta property=\"article:modified_time\" content=\"2024-05-05T16:49:27+00:00\" \/>\n<meta name=\"twitter:card\" content=\"summary_large_image\" \/>\n<meta name=\"twitter:label1\" content=\"Tiempo de lectura\" \/>\n\t<meta name=\"twitter:data1\" content=\"10 minutos\" \/>\n<script type=\"application\/ld+json\" class=\"yoast-schema-graph\">{\"@context\":\"https:\\\/\\\/schema.org\",\"@graph\":[{\"@type\":\"WebPage\",\"@id\":\"https:\\\/\\\/www.casecafarella.it\\\/es\\\/termini-e-condizioni\\\/\",\"url\":\"https:\\\/\\\/www.casecafarella.it\\\/es\\\/termini-e-condizioni\\\/\",\"name\":\"Termini e Condizioni - A Turri\",\"isPartOf\":{\"@id\":\"https:\\\/\\\/www.casecafarella.it\\\/es\\\/#website\"},\"datePublished\":\"2024-02-19T15:51:30+00:00\",\"dateModified\":\"2024-05-05T16:49:27+00:00\",\"breadcrumb\":{\"@id\":\"https:\\\/\\\/www.casecafarella.it\\\/es\\\/termini-e-condizioni\\\/#breadcrumb\"},\"inLanguage\":\"es\",\"potentialAction\":[{\"@type\":\"ReadAction\",\"target\":[\"https:\\\/\\\/www.casecafarella.it\\\/es\\\/termini-e-condizioni\\\/\"]}]},{\"@type\":\"BreadcrumbList\",\"@id\":\"https:\\\/\\\/www.casecafarella.it\\\/es\\\/termini-e-condizioni\\\/#breadcrumb\",\"itemListElement\":[{\"@type\":\"ListItem\",\"position\":1,\"name\":\"Home\",\"item\":\"https:\\\/\\\/www.casecafarella.it\\\/es\\\/\"},{\"@type\":\"ListItem\",\"position\":2,\"name\":\"Termini e Condizioni\"}]},{\"@type\":\"WebSite\",\"@id\":\"https:\\\/\\\/www.casecafarella.it\\\/es\\\/#website\",\"url\":\"https:\\\/\\\/www.casecafarella.it\\\/es\\\/\",\"name\":\"A Turri\",\"description\":\"Case Cafarella\",\"publisher\":{\"@id\":\"https:\\\/\\\/www.casecafarella.it\\\/es\\\/#organization\"},\"potentialAction\":[{\"@type\":\"SearchAction\",\"target\":{\"@type\":\"EntryPoint\",\"urlTemplate\":\"https:\\\/\\\/www.casecafarella.it\\\/es\\\/?s={search_term_string}\"},\"query-input\":{\"@type\":\"PropertyValueSpecification\",\"valueRequired\":true,\"valueName\":\"search_term_string\"}}],\"inLanguage\":\"es\"},{\"@type\":\"Organization\",\"@id\":\"https:\\\/\\\/www.casecafarella.it\\\/es\\\/#organization\",\"name\":\"A Turri\",\"url\":\"https:\\\/\\\/www.casecafarella.it\\\/es\\\/\",\"logo\":{\"@type\":\"ImageObject\",\"inLanguage\":\"es\",\"@id\":\"https:\\\/\\\/www.casecafarella.it\\\/es\\\/#\\\/schema\\\/logo\\\/image\\\/\",\"url\":\"https:\\\/\\\/www.casecafarella.it\\\/wp-content\\\/uploads\\\/2024\\\/01\\\/Logo-ATurri-White.png\",\"contentUrl\":\"https:\\\/\\\/www.casecafarella.it\\\/wp-content\\\/uploads\\\/2024\\\/01\\\/Logo-ATurri-White.png\",\"width\":2425,\"height\":901,\"caption\":\"A Turri\"},\"image\":{\"@id\":\"https:\\\/\\\/www.casecafarella.it\\\/es\\\/#\\\/schema\\\/logo\\\/image\\\/\"}}]}<\/script>\n<!-- \/ Yoast SEO plugin. -->","yoast_head_json":{"title":"Termini e Condizioni - A Turri","robots":{"index":"index","follow":"follow","max-snippet":"max-snippet:-1","max-image-preview":"max-image-preview:large","max-video-preview":"max-video-preview:-1"},"canonical":"https:\/\/www.casecafarella.it\/es\/termini-e-condizioni\/","og_locale":"es_ES","og_type":"article","og_title":"Termini e Condizioni - A Turri","og_description":"Termini e Condizioni Introduzione Lo scopo del presente documento \u00e8 quello di fornire adeguata informativa dei Termini e Condizioni Generali relativi ai servizi di Prenotazione (anche on line) delle camere con la \u201c&#8217;A Alera Room &amp; Breakfast\u201d e degli appartamenti \u201cCase Vacanza Cafarella\u201d di Cafarella Snc di Cafarella Giuliana e Paola (P:IVA 03298660832), con sede ...","og_url":"https:\/\/www.casecafarella.it\/es\/termini-e-condizioni\/","og_site_name":"A Turri","article_modified_time":"2024-05-05T16:49:27+00:00","twitter_card":"summary_large_image","twitter_misc":{"Tiempo de lectura":"10 minutos"},"schema":{"@context":"https:\/\/schema.org","@graph":[{"@type":"WebPage","@id":"https:\/\/www.casecafarella.it\/es\/termini-e-condizioni\/","url":"https:\/\/www.casecafarella.it\/es\/termini-e-condizioni\/","name":"Termini e Condizioni - A Turri","isPartOf":{"@id":"https:\/\/www.casecafarella.it\/es\/#website"},"datePublished":"2024-02-19T15:51:30+00:00","dateModified":"2024-05-05T16:49:27+00:00","breadcrumb":{"@id":"https:\/\/www.casecafarella.it\/es\/termini-e-condizioni\/#breadcrumb"},"inLanguage":"es","potentialAction":[{"@type":"ReadAction","target":["https:\/\/www.casecafarella.it\/es\/termini-e-condizioni\/"]}]},{"@type":"BreadcrumbList","@id":"https:\/\/www.casecafarella.it\/es\/termini-e-condizioni\/#breadcrumb","itemListElement":[{"@type":"ListItem","position":1,"name":"Home","item":"https:\/\/www.casecafarella.it\/es\/"},{"@type":"ListItem","position":2,"name":"Termini e Condizioni"}]},{"@type":"WebSite","@id":"https:\/\/www.casecafarella.it\/es\/#website","url":"https:\/\/www.casecafarella.it\/es\/","name":"A Turri","description":"Case Cafarella","publisher":{"@id":"https:\/\/www.casecafarella.it\/es\/#organization"},"potentialAction":[{"@type":"SearchAction","target":{"@type":"EntryPoint","urlTemplate":"https:\/\/www.casecafarella.it\/es\/?s={search_term_string}"},"query-input":{"@type":"PropertyValueSpecification","valueRequired":true,"valueName":"search_term_string"}}],"inLanguage":"es"},{"@type":"Organization","@id":"https:\/\/www.casecafarella.it\/es\/#organization","name":"A Turri","url":"https:\/\/www.casecafarella.it\/es\/","logo":{"@type":"ImageObject","inLanguage":"es","@id":"https:\/\/www.casecafarella.it\/es\/#\/schema\/logo\/image\/","url":"https:\/\/www.casecafarella.it\/wp-content\/uploads\/2024\/01\/Logo-ATurri-White.png","contentUrl":"https:\/\/www.casecafarella.it\/wp-content\/uploads\/2024\/01\/Logo-ATurri-White.png","width":2425,"height":901,"caption":"A Turri"},"image":{"@id":"https:\/\/www.casecafarella.it\/es\/#\/schema\/logo\/image\/"}}]}},"_links":{"self":[{"href":"https:\/\/www.casecafarella.it\/es\/wp-json\/wp\/v2\/pages\/4474","targetHints":{"allow":["GET"]}}],"collection":[{"href":"https:\/\/www.casecafarella.it\/es\/wp-json\/wp\/v2\/pages"}],"about":[{"href":"https:\/\/www.casecafarella.it\/es\/wp-json\/wp\/v2\/types\/page"}],"author":[{"embeddable":true,"href":"https:\/\/www.casecafarella.it\/es\/wp-json\/wp\/v2\/users\/1"}],"replies":[{"embeddable":true,"href":"https:\/\/www.casecafarella.it\/es\/wp-json\/wp\/v2\/comments?post=4474"}],"version-history":[{"count":4,"href":"https:\/\/www.casecafarella.it\/es\/wp-json\/wp\/v2\/pages\/4474\/revisions"}],"predecessor-version":[{"id":4533,"href":"https:\/\/www.casecafarella.it\/es\/wp-json\/wp\/v2\/pages\/4474\/revisions\/4533"}],"wp:attachment":[{"href":"https:\/\/www.casecafarella.it\/es\/wp-json\/wp\/v2\/media?parent=4474"}],"curies":[{"name":"wp","href":"https:\/\/api.w.org\/{rel}","templated":true}]}}